{"id":5094,"date":"2023-06-16T14:27:51","date_gmt":"2023-06-16T14:27:51","guid":{"rendered":"https:\/\/dbmsl.com\/?page_id=5094"},"modified":"2024-12-12T08:52:27","modified_gmt":"2024-12-12T08:52:27","slug":"produits-de-mais-blanc","status":"publish","type":"page","link":"https:\/\/dbmsl.com\/fra\/produits\/produits-de-mais-blanc\/","title":{"rendered":"Produits de ma\u00efs blanc"},"content":{"rendered":"<p>[et_pb_section fb_built=&#8221;1&#8243; _builder_version=&#8221;4.21.0&#8243; _module_preset=&#8221;default&#8221; background_image=&#8221;https:\/\/dbmsl.com\/wp-content\/uploads\/2022\/04\/blat-moro-blanc.png&#8221; height=&#8221;103vh&#8221; custom_margin=&#8221;-115px||||false|false&#8221; custom_css_main_element=&#8221;display: flex;||flex-direction: column;||justify-content: center;&#8221; global_colors_info=&#8221;{}&#8221;][et_pb_row _builder_version=&#8221;4.16&#8243; _module_preset=&#8221;default&#8221; max_width=&#8221;1400px&#8221; global_colors_info=&#8221;{}&#8221;][et_pb_column type=&#8221;4_4&#8243; _builder_version=&#8221;4.16&#8243; _module_preset=&#8221;default&#8221; global_colors_info=&#8221;{}&#8221;][et_pb_text _builder_version=&#8221;4.21.0&#8243; _module_preset=&#8221;default&#8221; text_font=&#8221;Lato||||||||&#8221; text_text_color=&#8221;#374059&#8243; text_font_size=&#8221;20px&#8221; text_line_height=&#8221;2em&#8221; header_font=&#8221;Lato|300|||||||&#8221; header_text_align=&#8221;left&#8221; header_text_color=&#8221;#374059&#8243; header_font_size=&#8221;65px&#8221; header_line_height=&#8221;1.2em&#8221; header_2_font=&#8221;Lato|300|||||||&#8221; header_2_text_align=&#8221;left&#8221; header_2_text_color=&#8221;#374059&#8243; header_2_font_size=&#8221;60px&#8221; header_2_line_height=&#8221;1.2em&#8221; header_3_font=&#8221;Lato|300|||||||&#8221; header_3_text_align=&#8221;left&#8221; header_3_text_color=&#8221;#374059&#8243; header_3_font_size=&#8221;60px&#8221; header_3_line_height=&#8221;1.2em&#8221; header_4_font=&#8221;Lato|300|||||||&#8221; header_4_text_align=&#8221;left&#8221; header_4_text_color=&#8221;#374059&#8243; header_4_font_size=&#8221;60px&#8221; header_4_line_height=&#8221;1.2em&#8221; header_5_font=&#8221;Lato|300|||||||&#8221; header_5_text_align=&#8221;left&#8221; header_5_text_color=&#8221;#374059&#8243; header_5_font_size=&#8221;60px&#8221; header_5_line_height=&#8221;1.2em&#8221; header_6_font=&#8221;Lato|300|||||||&#8221; header_6_text_align=&#8221;left&#8221; header_6_text_color=&#8221;#374059&#8243; header_6_font_size=&#8221;60px&#8221; header_6_line_height=&#8221;1.2em&#8221; background_color=&#8221;rgba(255,255,255,0.28)&#8221; custom_margin=&#8221;|23vw|||false|false&#8221; custom_margin_tablet=&#8221;3vw|28vw|||false|false&#8221; custom_margin_phone=&#8221;3vw|3vw|||false|false&#8221; custom_margin_last_edited=&#8221;on|phone&#8221; custom_padding=&#8221;20px|20px|20px|20px|true|true&#8221; header_font_size_tablet=&#8221;65px&#8221; header_font_size_phone=&#8221;50px&#8221; header_font_size_last_edited=&#8221;on|phone&#8221; global_colors_info=&#8221;{}&#8221;]<\/p>\n<h1>Produits de ma\u00efs blanc<\/h1>\n<p>Diff\u00e9rentes granulom\u00e9tries de hach\u00e9, de semoule et de farine.[\/et_pb_text][\/et_pb_column][\/et_pb_row][\/et_pb_section][et_pb_section fb_built=\u201d1\u2033 admin_label=\u201dFeature Section\u201d module_id=\u201dwhite\u201d _builder_version=\u201d4.16\u2033 custom_padding= &quot;100px||100px|&quot; lock=\u201doff\u201d global_colors_info=\u201d{}\u201d][et_pb_row column_structure=\u201d1_2,1_2\u2033 admin_label=\u201dFeature 02 Area\u201d _builder_version=\u201d4.16\u2033 background_color=\u201d#374059\u2033 height_tablet=\u201d350px\u201d height_phone=\u201d500px\u201d height_last_edited= \u201doff|desktop\u201d custom_margin=\u201d||0px||false|false\u201d custom_padding=\u201d0px|0px|0px|0px\u201d global_colors_info=\u201d{}\u201d][et_pb_column type=\u201d1_2\u2033 _builder_version=\u201d4.16\u2033 custom_padding=\u201d 5%|5%|5%|5%\u201d custom_padding_tablet=\u201d0px|0px|0px|0px\u201d custom_padding_last_edited=\u201doff|desktop\u201d global_colors_info=\u201d{}\u201d padding_tablet=\u201d0px|0px|0px|0px\u201d padding_last_edited=\u201doff|desktop\u201d custom_padding__hover=\u201d|||\u201d][et_pb_text admin_label=\u201dTitre\u201d _builder_version=\u201d4.16\u2033 text_font=\u201d|||||||||\u201d text_font_size=\u201d16px\u201d text_line_height=\u201d1.8em\u201d header_font=\u201d|||||||||\u201d header_2_font=\u201dLato||||||||\u201d header_2_font_size=\u201d36px\u201d header_2_line_height=\u201d1.5em\u201d background_layout=\u201ddark\u201d module_alignment=\u201dcenter\u201d custom_margin=\u201d||15px|\u201d custom_margin_tablet=&quot;||15px|&quot; custom_margin_phone=\u201d30px||15px||false|false\u201d custom_margin_last_edited=\u201don|phone\u201d custom_padding=\u201d||||false|false\u201d animation_direction=\u201dleft\u201d verrouill\u00e9=\u201doff\u201d global_colors_info=\u201d{}\u201d]<\/p>\n<h2>Ma\u00efs hach\u00e9 grossi\u00e8rement<\/h2>\n<p>[\/et_pb_text][et_pb_text _builder_version=\u201d4.16\u2033 text_font=\u201d|||||||||\u201d text_font_size=\u201d18px\u201d text_line_height=\u201d1.8em\u201d header_font=\u201d|||||||||\u201d background_layout=\u201ddark\u201d max_width=\u201d525px\u201d module_alignment=\u201dleft\u201d custom_margin_last_edited=\u201doff|desktop\u201d animation_style=\u201dflip\u201d animation_direction=\u201dleft\u201d animation_intensity_flip=\u201d20%\u201d animation_starting_opacity=\u201d100%\u201d verrouill\u00e9=\u201doff\u201d global_colors_info=\u201d {}\u201d]Produit form\u00e9 de fragments \u00e9pais et obtenu par d\u00e9germination et d\u00e9cortication de ma\u00efs blanc par m\u00e9thode semi-humide, pass\u00e9 par un processus de calibrage et de nettoyage, sans ajout de colorants ni de conservateurs.<\/p>\n<p>Produit destin\u00e9 \u00e0 l'industrie des arepas, des batteuses et des cr\u00eaperies.<\/p>\n<p>Tamb\u00e9 es denomina com a trillat, morotxo\u2026[\/et_pb_text][\/et_pb_column][et_pb_column type=&#8221;1_2&#8243; _builder_version=&#8221;4.16&#8243; custom_padding=&#8221;|||&#8221; global_colors_info=&#8221;{}&#8221; custom_padding__hover=&#8221;|||&#8221;][et_pb_image src=&#8221;https:\/\/dbmsl.com\/wp-content\/uploads\/2023\/06\/trossejat-blat-moro-blanc.jpg&#8221; alt=&#8221;Trossejat de blat de moro blanc&#8221; title_text=&#8221;Trossejat de blat de moro blanc&#8221; force_fullwidth=&#8221;on&#8221; align_tablet=&#8221;center&#8221; align_phone=&#8221;&#8221; align_last_edited=&#8221;on|desktop&#8221; _builder_version=&#8221;4.22.1&#8243; custom_margin=&#8221;-40px||-40px||false|false&#8221; custom_padding=&#8221;|40px||&#8221; animation_style=&#8221;slide&#8221; animation_direction=&#8221;left&#8221; animation_intensity_slide=&#8221;8%&#8221; animation_starting_opacity=&#8221;100%&#8221; box_shadow_style=&#8221;preset1&#8243; box_shadow_blur=&#8221;80px&#8221; global_colors_info=&#8221;{}&#8221;][\/et_pb_image][\/et_pb_column][\/et_pb_row][\/et_pb_section][et_pb_section fb_built=&#8221;1&#8243; admin_label=&#8221;Feature Section&#8221; module_id=&#8221;blanc&#8221; _builder_version=&#8221;4.16&#8243; background_color=&#8221;#F7F7F7&#8243; custom_padding=&#8221;100px||100px|&#8221; locked=&#8221;off&#8221; global_colors_info=&#8221;{}&#8221;][et_pb_row column_structure=&#8221;1_2,1_2&#8243; admin_label=&#8221;Feature 02 Area&#8221; _builder_version=&#8221;4.16&#8243; background_color=&#8221;#374059&#8243; height_tablet=&#8221;350px&#8221; height_phone=&#8221;500px&#8221; height_last_edited=&#8221;off|desktop&#8221; custom_margin=&#8221;||0px||false|false&#8221; custom_margin_phone=&#8221;||80px||false|false&#8221; custom_margin_last_edited=&#8221;off|phone&#8221; custom_padding=&#8221;0px|0px|0px|0px|false|false&#8221; global_colors_info=&#8221;{}&#8221;][et_pb_column type=&#8221;1_2&#8243; _builder_version=&#8221;4.16&#8243; custom_padding=&#8221;|||&#8221; global_colors_info=&#8221;{}&#8221; custom_padding__hover=&#8221;|||&#8221;][et_pb_image src=&#8221;https:\/\/dbmsl.com\/wp-content\/uploads\/2023\/06\/semola-blat-moro-blanc.jpg&#8221; alt=&#8221;S\u00e8mola de blat de moro blanc&#8221; title_text=&#8221;S\u00e8mola de blat de moro blanc&#8221; force_fullwidth=&#8221;on&#8221; align_tablet=&#8221;center&#8221; align_phone=&#8221;&#8221; align_last_edited=&#8221;on|desktop&#8221; _builder_version=&#8221;4.23.4&#8243; custom_margin=&#8221;-40px||-40px|&#8221; custom_padding=&#8221;|||40px|false|false&#8221; animation_style=&#8221;slide&#8221; animation_direction=&#8221;left&#8221; animation_intensity_slide=&#8221;8%&#8221; animation_starting_opacity=&#8221;100%&#8221; box_shadow_style=&#8221;preset1&#8243; box_shadow_blur=&#8221;80px&#8221; global_colors_info=&#8221;{}&#8221;][\/et_pb_image][\/et_pb_column][et_pb_column type=&#8221;1_2&#8243; _builder_version=&#8221;4.16&#8243; custom_padding=&#8221;5%|5%|5%|5%&#8221; custom_padding_tablet=&#8221;0px|0px|0px|0px&#8221; custom_padding_last_edited=&#8221;off|desktop&#8221; global_colors_info=&#8221;{}&#8221; padding_tablet=&#8221;0px|0px|0px|0px&#8221; padding_last_edited=&#8221;off|desktop&#8221; custom_padding__hover=&#8221;|||&#8221;][et_pb_text admin_label=&#8221;Title&#8221; _builder_version=&#8221;4.16&#8243; text_font=&#8221;||||||||&#8221; text_font_size=&#8221;16px&#8221; text_line_height=&#8221;1.8em&#8221; header_font=&#8221;||||||||&#8221; header_2_font=&#8221;Lato||||||||&#8221; header_2_font_size=&#8221;36px&#8221; header_2_line_height=&#8221;1.5em&#8221; background_layout=&#8221;dark&#8221; module_alignment=&#8221;center&#8221; custom_margin=&#8221;||15px||false|false&#8221; custom_margin_tablet=&#8221;||15px||false|false&#8221; custom_margin_phone=&#8221;50px||15px||false|false&#8221; custom_margin_last_edited=&#8221;on|phone&#8221; custom_padding=&#8221;|||&#8221; animation_direction=&#8221;left&#8221; locked=&#8221;off&#8221; global_colors_info=&#8221;{}&#8221;]<\/p>\n<h2>Semoule<\/h2>\n<p>[\/et_pb_text][et_pb_text _builder_version=\u201d4.16\u2033 text_font=\u201d|||||||||\u201d text_font_size=\u201d18px\u201d text_line_height=\u201d1.8em\u201d header_font=\u201d|||||||||\u201d background_layout=\u201ddark\u201d max_width=\u201d525px\u201d module_alignment=\u201dleft\u201d animation_style=\u201dflip\u201d animation_direction=\u201dleft\u201d animation_intensity_flip=\u201d20%\u201d animation_starting_opacity=\u201d100%\u201d verrouill\u00e9=\u201doff\u201d global_colors_info=\u201d{}\u201d]Produit obtenu \u00e0 partir de le broyage du ma\u00efs blanc pr\u00e9alablement d\u00e9cortiqu\u00e9 et d\u00e9germ\u00e9, en passant par un processus de calibrage et de nettoyage.<\/p>\n<p>Produit destin\u00e9 \u00e0 l'alimentation et \u00e0 la fabrication d'ap\u00e9ritifs (snacks).<\/p>\n<p>Type\u00a0: Semoule fine et semoule grossi\u00e8re[\/et_pb_text][\/et_pb_column][\/et_pb_row][\/et_pb_section][et_pb_section fb_built=\u201d1\u2033 admin_label=\u201dFeature Section\u201d module_id=\u201dwhite\u201d _builder_version=\u201d4.16\u2033 custom_padding=\u201d100px ||100px|\u201d lock=\u201doff\u201d global_colors_info=\u201d{}\u201d][et_pb_row column_structure=\u201d1_2,1_2\u2033 admin_label=\u201dFeature 02 Area\u201d _builder_version=\u201d4.16\u2033 background_color=\u201d#374059\u2033 height_tablet=\u201d350px\u201d height_phone=\u201d500px\u201d height_last_edited= \u201doff|desktop\u201d custom_margin=\u201d||0px||false|false\u201d custom_padding=\u201d0px|0px|0px|0px\u201d global_colors_info=\u201d{}\u201d][et_pb_column type=\u201d1_2\u2033 _builder_version=\u201d4.16\u2033 custom_padding=\u201d 5%|5%|5%|5%\u201d custom_padding_tablet=\u201d0px|0px|0px|0px\u201d custom_padding_last_edited=\u201doff|desktop\u201d global_colors_info=\u201d{}\u201d padding_tablet=\u201d0px|0px|0px|0px\u201d padding_last_edited=\u201doff|desktop\u201d custom_padding__hover=\u201d|||\u201d][et_pb_text admin_label=\u201dTitre\u201d _builder_version=\u201d4.16\u2033 text_font=\u201d|||||||||\u201d text_font_size=\u201d16px\u201d text_line_height=\u201d1.8em\u201d header_font=\u201d|||||||||\u201d header_2_font=\u201dLato||||||||\u201d header_2_font_size=\u201d36px\u201d header_2_line_height=\u201d1.5em\u201d background_layout=\u201ddark\u201d module_alignment=\u201dcenter\u201d custom_margin=\u201d||15px|\u201d custom_margin_tablet=&quot;||15px|&quot; custom_margin_phone=\u201d30px||15px||false|false\u201d custom_margin_last_edited=\u201don|phone\u201d custom_padding=\u201d||||false|false\u201d animation_direction=\u201dleft\u201d verrouill\u00e9=\u201doff\u201d global_colors_info=\u201d{}\u201d]<\/p>\n<h2>Farine de fleur<\/h2>\n<p>[\/et_pb_text][et_pb_text _builder_version=\u201d4.21.0\u2033 text_font=\u201d|||||||||\u201d text_font_size=\u201d18px\u201d text_line_height=\u201d1.8em\u201d header_font=\u201d|||||||||\u201d background_layout=\u201ddark\u201d max_width=\u201d525px\u201d module_alignment=\u201dleft\u201d custom_margin_tablet=\u201d\u201d custom_margin_phone=\u201d\u201d custom_margin_last_edited=\u201don|phone\u201d animation_style=\u201dflip\u201d animation_direction=\u201dleft\u201d animation_intensity_flip=\u201d20%\u201d animation_starting_opacity=\u201d100%\u201d verrouill\u00e9=\u201doff\u201d global_colors_info=\u201d{}\u201d]La farine obtenue lors de la premi\u00e8re mouture de ma\u00efs blanc, pr\u00e9alablement d\u00e9germ\u00e9 et d\u00e9cortiqu\u00e9, ne contient pas d&#039;impuret\u00e9s ni de m\u00e9langes d&#039;autres farines faibles.<\/p>\n<p>Producte apte per a cel\u00edacs (gluten &lt; 10ppm).[\/et_pb_text][\/et_pb_column][et_pb_column type=&#8221;1_2&#8243; _builder_version=&#8221;4.16&#8243; custom_padding=&#8221;|||&#8221; global_colors_info=&#8221;{}&#8221; custom_padding__hover=&#8221;|||&#8221;][et_pb_image src=&#8221;https:\/\/dbmsl.com\/wp-content\/uploads\/2023\/06\/farina-flor-blat-moro-blanc.jpg&#8221; alt=&#8221;Farina de flor de blat de moro blanc&#8221; title_text=&#8221;Farina de flor de blat de moro blanc&#8221; force_fullwidth=&#8221;on&#8221; align_tablet=&#8221;center&#8221; align_phone=&#8221;&#8221; align_last_edited=&#8221;on|desktop&#8221; _builder_version=&#8221;4.23.4&#8243; custom_margin=&#8221;-40px||-40px||false|false&#8221; custom_padding=&#8221;|40px||&#8221; animation_style=&#8221;slide&#8221; animation_direction=&#8221;left&#8221; animation_intensity_slide=&#8221;8%&#8221; animation_starting_opacity=&#8221;100%&#8221; hover_enabled=&#8221;0&#8243; box_shadow_style=&#8221;preset1&#8243; box_shadow_blur=&#8221;80px&#8221; global_colors_info=&#8221;{}&#8221; sticky_enabled=&#8221;0&#8243;][\/et_pb_image][\/et_pb_column][\/et_pb_row][\/et_pb_section]<\/p>","protected":false},"excerpt":{"rendered":"<p>Produits \u00e0 base de ma\u00efs blanc Diff\u00e9rentes granulom\u00e9tries de lambeaux, semoules et farines Lambeaux de ma\u00efs grossiers Produit constitu\u00e9 de fragments \u00e9pais et obtenu par d\u00e9germination et d\u00e9cortication du ma\u00efs blanc par m\u00e9thode semi-humide, pass\u00e9 par un processus de calibrage et de nettoyage, sans ajout de colorants ni de conservateurs . Produit destin\u00e9 \u00e0 l&#039;industrie [...]<\/p>","protected":false},"author":1,"featured_media":0,"parent":4455,"menu_order":0,"comment_status":"closed","ping_status":"open","template":"","meta":{"_et_pb_use_builder":"on","_et_pb_old_content":"","_et_gb_content_width":"","footnotes":""},"class_list":["post-5094","page","type-page","status-publish","hentry"],"yoast_head":"<!-- This site is optimized with the Yoast SEO plugin v27.4 - https:\/\/yoast.com\/product\/yoast-seo-wordpress\/ -->\n<title>Productes de blat de moro blanc - DBM<\/title>\n<meta name=\"description\" content=\"Explora la nostra varietat de productes de blat de moro blanc, perfectes per al teu negoci. Qualitat, sabor i versatilitat al millor preu.\" \/>\n<meta name=\"robots\" content=\"index, follow, max-snippet:-1, max-image-preview:large, max-video-preview:-1\" \/>\n<link rel=\"canonical\" href=\"https:\/\/dbmsl.com\/fra\/produits\/produits-de-mais-blanc\/\" \/>\n<meta property=\"og:locale\" content=\"fr_FR\" \/>\n<meta property=\"og:type\" content=\"article\" \/>\n<meta property=\"og:title\" content=\"Productes de blat de moro blanc - DBM\" \/>\n<meta property=\"og:description\" content=\"Explora la nostra varietat de productes de blat de moro blanc, perfectes per al teu negoci. Qualitat, sabor i versatilitat al millor preu.\" \/>\n<meta property=\"og:url\" content=\"https:\/\/dbmsl.com\/fra\/produits\/produits-de-mais-blanc\/\" \/>\n<meta property=\"og:site_name\" content=\"DBM\" \/>\n<meta property=\"article:modified_time\" content=\"2024-12-12T08:52:27+00:00\" \/>\n<meta name=\"twitter:card\" content=\"summary_large_image\" \/>\n<meta name=\"twitter:label1\" content=\"Dur\u00e9e de lecture estim\u00e9e\" \/>\n\t<meta name=\"twitter:data1\" content=\"3 minutes\" \/>\n<script type=\"application\/ld+json\" class=\"yoast-schema-graph\">{\"@context\":\"https:\\\/\\\/schema.org\",\"@graph\":[{\"@type\":\"WebPage\",\"@id\":\"https:\\\/\\\/dbmsl.com\\\/productes\\\/productes-de-blat-de-moro-blanc\\\/\",\"url\":\"https:\\\/\\\/dbmsl.com\\\/productes\\\/productes-de-blat-de-moro-blanc\\\/\",\"name\":\"Productes de blat de moro blanc - DBM\",\"isPartOf\":{\"@id\":\"https:\\\/\\\/dbmsl.com\\\/#website\"},\"datePublished\":\"2023-06-16T14:27:51+00:00\",\"dateModified\":\"2024-12-12T08:52:27+00:00\",\"description\":\"Explora la nostra varietat de productes de blat de moro blanc, perfectes per al teu negoci. Qualitat, sabor i versatilitat al millor preu.\",\"breadcrumb\":{\"@id\":\"https:\\\/\\\/dbmsl.com\\\/productes\\\/productes-de-blat-de-moro-blanc\\\/#breadcrumb\"},\"inLanguage\":\"fr-FR\",\"potentialAction\":[{\"@type\":\"ReadAction\",\"target\":[\"https:\\\/\\\/dbmsl.com\\\/productes\\\/productes-de-blat-de-moro-blanc\\\/\"]}]},{\"@type\":\"BreadcrumbList\",\"@id\":\"https:\\\/\\\/dbmsl.com\\\/productes\\\/productes-de-blat-de-moro-blanc\\\/#breadcrumb\",\"itemListElement\":[{\"@type\":\"ListItem\",\"position\":1,\"name\":\"Inici\",\"item\":\"https:\\\/\\\/dbmsl.com\\\/\"},{\"@type\":\"ListItem\",\"position\":2,\"name\":\"Productes\",\"item\":\"https:\\\/\\\/dbmsl.com\\\/productes\\\/\"},{\"@type\":\"ListItem\",\"position\":3,\"name\":\"Productes de blat de moro blanc\"}]},{\"@type\":\"WebSite\",\"@id\":\"https:\\\/\\\/dbmsl.com\\\/#website\",\"url\":\"https:\\\/\\\/dbmsl.com\\\/\",\"name\":\"DBM\",\"description\":\"Distribu\u00efdor de productes procedents del blat de moro i arr\u00f2s\",\"publisher\":{\"@id\":\"https:\\\/\\\/dbmsl.com\\\/#organization\"},\"inLanguage\":\"fr-FR\"},{\"@type\":\"Organization\",\"@id\":\"https:\\\/\\\/dbmsl.com\\\/#organization\",\"name\":\"DBM\",\"url\":\"https:\\\/\\\/dbmsl.com\\\/\",\"logo\":{\"@type\":\"ImageObject\",\"inLanguage\":\"fr-FR\",\"@id\":\"https:\\\/\\\/dbmsl.com\\\/#\\\/schema\\\/logo\\\/image\\\/\",\"url\":\"https:\\\/\\\/dbmsl.com\\\/wp-content\\\/uploads\\\/2022\\\/10\\\/logo-dbmsl.webp\",\"contentUrl\":\"https:\\\/\\\/dbmsl.com\\\/wp-content\\\/uploads\\\/2022\\\/10\\\/logo-dbmsl.webp\",\"width\":185,\"height\":331,\"caption\":\"DBM\"},\"image\":{\"@id\":\"https:\\\/\\\/dbmsl.com\\\/#\\\/schema\\\/logo\\\/image\\\/\"}}]}<\/script>\n<!-- \/ Yoast SEO plugin. -->","yoast_head_json":{"title":"Productes de blat de moro blanc - DBM","description":"Explora la nostra varietat de productes de blat de moro blanc, perfectes per al teu negoci. Qualitat, sabor i versatilitat al millor preu.","robots":{"index":"index","follow":"follow","max-snippet":"max-snippet:-1","max-image-preview":"max-image-preview:large","max-video-preview":"max-video-preview:-1"},"canonical":"https:\/\/dbmsl.com\/fra\/produits\/produits-de-mais-blanc\/","og_locale":"fr_FR","og_type":"article","og_title":"Productes de blat de moro blanc - DBM","og_description":"Explora la nostra varietat de productes de blat de moro blanc, perfectes per al teu negoci. Qualitat, sabor i versatilitat al millor preu.","og_url":"https:\/\/dbmsl.com\/fra\/produits\/produits-de-mais-blanc\/","og_site_name":"DBM","article_modified_time":"2024-12-12T08:52:27+00:00","twitter_card":"summary_large_image","twitter_misc":{"Dur\u00e9e de lecture estim\u00e9e":"3 minutes"},"schema":{"@context":"https:\/\/schema.org","@graph":[{"@type":"WebPage","@id":"https:\/\/dbmsl.com\/productes\/productes-de-blat-de-moro-blanc\/","url":"https:\/\/dbmsl.com\/productes\/productes-de-blat-de-moro-blanc\/","name":"Productes de blat de moro blanc - DBM","isPartOf":{"@id":"https:\/\/dbmsl.com\/#website"},"datePublished":"2023-06-16T14:27:51+00:00","dateModified":"2024-12-12T08:52:27+00:00","description":"Explora la nostra varietat de productes de blat de moro blanc, perfectes per al teu negoci. Qualitat, sabor i versatilitat al millor preu.","breadcrumb":{"@id":"https:\/\/dbmsl.com\/productes\/productes-de-blat-de-moro-blanc\/#breadcrumb"},"inLanguage":"fr-FR","potentialAction":[{"@type":"ReadAction","target":["https:\/\/dbmsl.com\/productes\/productes-de-blat-de-moro-blanc\/"]}]},{"@type":"BreadcrumbList","@id":"https:\/\/dbmsl.com\/productes\/productes-de-blat-de-moro-blanc\/#breadcrumb","itemListElement":[{"@type":"ListItem","position":1,"name":"Inici","item":"https:\/\/dbmsl.com\/"},{"@type":"ListItem","position":2,"name":"Productes","item":"https:\/\/dbmsl.com\/productes\/"},{"@type":"ListItem","position":3,"name":"Productes de blat de moro blanc"}]},{"@type":"WebSite","@id":"https:\/\/dbmsl.com\/#website","url":"https:\/\/dbmsl.com\/","name":"DBM","description":"Distribu\u00efdor de productes procedents del blat de moro i arr\u00f2s","publisher":{"@id":"https:\/\/dbmsl.com\/#organization"},"inLanguage":"fr-FR"},{"@type":"Organization","@id":"https:\/\/dbmsl.com\/#organization","name":"DBM","url":"https:\/\/dbmsl.com\/","logo":{"@type":"ImageObject","inLanguage":"fr-FR","@id":"https:\/\/dbmsl.com\/#\/schema\/logo\/image\/","url":"https:\/\/dbmsl.com\/wp-content\/uploads\/2022\/10\/logo-dbmsl.webp","contentUrl":"https:\/\/dbmsl.com\/wp-content\/uploads\/2022\/10\/logo-dbmsl.webp","width":185,"height":331,"caption":"DBM"},"image":{"@id":"https:\/\/dbmsl.com\/#\/schema\/logo\/image\/"}}]}},"_links":{"self":[{"href":"https:\/\/dbmsl.com\/fra\/wp-json\/wp\/v2\/pages\/5094","targetHints":{"allow":["GET"]}}],"collection":[{"href":"https:\/\/dbmsl.com\/fra\/wp-json\/wp\/v2\/pages"}],"about":[{"href":"https:\/\/dbmsl.com\/fra\/wp-json\/wp\/v2\/types\/page"}],"author":[{"embeddable":true,"href":"https:\/\/dbmsl.com\/fra\/wp-json\/wp\/v2\/users\/1"}],"replies":[{"embeddable":true,"href":"https:\/\/dbmsl.com\/fra\/wp-json\/wp\/v2\/comments?post=5094"}],"version-history":[{"count":10,"href":"https:\/\/dbmsl.com\/fra\/wp-json\/wp\/v2\/pages\/5094\/revisions"}],"predecessor-version":[{"id":5691,"href":"https:\/\/dbmsl.com\/fra\/wp-json\/wp\/v2\/pages\/5094\/revisions\/5691"}],"up":[{"embeddable":true,"href":"https:\/\/dbmsl.com\/fra\/wp-json\/wp\/v2\/pages\/4455"}],"wp:attachment":[{"href":"https:\/\/dbmsl.com\/fra\/wp-json\/wp\/v2\/media?parent=5094"}],"curies":[{"name":"wp","href":"https:\/\/api.w.org\/{rel}","templated":true}]}}