{"id":2742,"date":"2022-02-14T22:27:50","date_gmt":"2022-02-14T22:27:50","guid":{"rendered":"https:\/\/assisoft.com\/Alex-proves\/?page_id=3"},"modified":"2025-03-24T07:08:45","modified_gmt":"2025-03-24T07:08:45","slug":"politique-de-confidentialite","status":"publish","type":"page","link":"https:\/\/dbmsl.com\/fra\/politique-de-confidentialite\/","title":{"rendered":"Politique de confidentialit\u00e9"},"content":{"rendered":"<h2 class=\"wp-block-heading\">Responsable du traitement des donn\u00e9es<\/h2>\n\n\n\n<p>Le responsable du traitement des donn\u00e9es personnelles collect\u00e9es sur le site de Carles Escanilla Gonzalvo est :<\/p>\n\n\n\n<p>ENTREPRISE : Carles Escanilla Gonzalvo<\/p>\n\n\n\n<p>CIF : 35108380F<\/p>\n\n\n\n<p>ADRESSE\u00a0: C\/ Cerdanya, 4 08105 Sant Fost de Campsentelles Barcelone<\/p>\n\n\n\n<p>T\u00c9L\u00c9PHONE : +34 620 06 73 58<\/p>\n\n\n\n<p>EMAIL: info@dbmsl.com<\/p>\n\n\n\n<p>DOMAINE : dbmsl.com<\/p>\n\n\n\n<h2 class=\"wp-block-heading\">Finalit\u00e9 du traitement des donn\u00e9es<\/h2>\n\n\n\n<p>La collecte des donn\u00e9es a pour but de maintenir un contact direct et personnalis\u00e9 avec nos Utilisateurs. De cette fa\u00e7on, nous utiliserons vos donn\u00e9es pour r\u00e9pondre \u00e0 toutes les questions ou informations que vous avez demand\u00e9es, g\u00e9rer vos demandes et vous garantir une exp\u00e9rience qui respecte les normes les plus \u00e9lev\u00e9es.<\/p>\n\n\n\n<p>L'e-mail \u00e0 partir duquel vous \u00e9crivez \u00e0 notre courrier, nous l'utiliserons pour vous envoyer des informations relatives aux doutes ou pr\u00e9occupations que vous avez soulev\u00e9s ou pour effectuer les d\u00e9marches ou vous aider dans les d\u00e9marches dont vous avez besoin.<\/p>\n\n\n\n<p>En aucun cas vous ne recevrez des informations de tiers sans en avoir pr\u00e9alablement inform\u00e9 et sollicit\u00e9 votre consentement expr\u00e8s, en veillant ainsi \u00e0 respecter les param\u00e8tres de la r\u00e9glementation europ\u00e9enne ; aucun type de transfert international ne sera effectu\u00e9 non plus ayant pour objet vos donn\u00e9es personnelles.<\/p>\n\n\n\n<h2 class=\"wp-block-heading\">Qualit\u00e9 des donn\u00e9es<\/h2>\n\n\n\n<p>Le document pr\u00e9sent\u00e9 ici et toutes les informations \u00e9crites sont conformes \u00e0 l'article 4.3 de la LOPD. Cet article a \u00e9t\u00e9 modifi\u00e9 pour la derni\u00e8re fois le 02\/01\/2023.<\/p>\n\n\n\n<h2 class=\"wp-block-heading\">P\u00e9riode de conservation des donn\u00e9es<\/h2>\n\n\n\n<p>Les donn\u00e9es personnelles fournies seront conserv\u00e9es jusqu'\u00e0 ce que leur suspension soit demand\u00e9e par l'int\u00e9ress\u00e9, exer\u00e7ant ses droits sur les donn\u00e9es, et en tout cas dans le respect des d\u00e9lais de prescription l\u00e9gaux applicables.<\/p>\n\n\n\n<h2 class=\"wp-block-heading\">Cessions et transferts internationaux de donn\u00e9es<\/h2>\n\n\n\n<p>Les donn\u00e9es ne seront communiqu\u00e9es ou transf\u00e9r\u00e9es \u00e0 aucun destinataire.<\/p>\n\n\n\n<h2 class=\"wp-block-heading\">Biscuits<\/h2>\n\n\n\n<p>Un cookie est un fichier t\u00e9l\u00e9charg\u00e9 sur un ordinateur lors de l'acc\u00e8s \u00e0 certains sites Web. Les cookies permettent, entre autres, \u00e0 un site Web de stocker et de r\u00e9cup\u00e9rer des informations sur les habitudes de navigation d'un utilisateur ou de son ordinateur et, en fonction des informations qu'ils contiennent et de la mani\u00e8re dont ils utilisent leur ordinateur, peuvent leur permettre de reconna\u00eetre l'utilisateur. Les cookies sont associ\u00e9s uniquement \u00e0 un utilisateur anonyme et \u00e0 son ordinateur ou appareil, et ne fournissent pas de r\u00e9f\u00e9rences permettant d'identifier ses donn\u00e9es personnelles.<\/p>\n\n\n\n<p>Le portail dbmsl.com utilise des cookies des types suivants :<\/p>\n\n\n\n<ul class=\"wp-block-list\">\n<li>Cookies techniques. Ils sont n\u00e9cessaires \u00e0 l'utilisation du site.<\/li>\n\n\n\n<li>Cookies de personnalisation. Ils permettent \u00e0 l'utilisateur d'acc\u00e9der au service avec des caract\u00e9ristiques pr\u00e9d\u00e9finies, telles que la langue, le navigateur, les param\u00e8tres r\u00e9gionaux, etc.<\/li>\n\n\n\n<li>Cookies d'analyse. Ils recueillent des informations sur l'utilisation du Web.<\/li>\n<\/ul>\n\n\n\n<p>Les cookies analytiques tiers que Carles Escanilla Gonzalvo utilise sur son portail sont ceux de Google Analytics : des cookies analytiques qui collectent des informations sur le trafic et le comportement des utilisateurs sur le Web de mani\u00e8re anonyme.<\/p>\n\n\n\n<p>L'utilisation de cookies tiers est soumise aux politiques de confidentialit\u00e9 de ces tiers.<\/p>\n\n\n\n<p>Les cookies sont install\u00e9s chaque fois que l'utilisateur autorise son navigateur. L'utilisateur peut toujours, s'il le juge utile, activer les options du navigateur pour refuser l'installation de cookies.<\/p>\n\n\n\n<h2 class=\"wp-block-heading\">Droits de l'utilisateur<\/h2>\n\n\n\n<p>L'utilisateur dispose des droits suivants sur ses donn\u00e9es\u00a0:<\/p>\n\n\n\n<p><strong>Acc\u00e8s<\/strong>: permet \u00e0 l'utilisateur de demander au responsable d'un dossier des informations sur le traitement \u00e9ventuel des donn\u00e9es.<\/p>\n\n\n\n<p><strong>Rectification<\/strong>: Permet \u00e0 l'utilisateur concern\u00e9 de demander la modification de donn\u00e9es inexactes ou incompl\u00e8tes.<\/p>\n\n\n\n<p><strong>Annulation<\/strong>: L'utilisateur concern\u00e9 peut demander la suppression des donn\u00e9es inappropri\u00e9es ou excessives, sans pr\u00e9judice de l'obligation de blocage.<\/p>\n\n\n\n<p><strong>Opposition<\/strong>: il s'agit du droit d'un utilisateur de s'opposer au traitement de ses donn\u00e9es personnelles.<\/p>\n\n\n\n<p><strong>Portabilit\u00e9<\/strong>: Vous pourrez recevoir vos donn\u00e9es personnelles fournies dans un format structur\u00e9, couramment utilis\u00e9 et lisible par machine et pouvoir les transmettre \u00e0 un autre responsable, chaque fois que cela sera techniquement possible.<\/p>\n\n\n\n<p><strong>Oubli\u00e9<\/strong>: L'utilisateur peut demander la suppression des donn\u00e9es personnelles sans d\u00e9lai lorsque l'un des cas envisag\u00e9s se produit. Par exemple, en cas de traitement illicite de donn\u00e9es ou lorsque la finalit\u00e9 qui a motiv\u00e9 le traitement ou la collecte a disparu.<\/p>\n\n\n\n<p><strong>Limitation du traitement\u00a0: <\/strong>En g\u00e9n\u00e9ral, dans les cas o\u00f9 il n'est pas clair si les donn\u00e9es personnelles doivent \u00eatre supprim\u00e9es, vous pouvez exercer votre droit de limiter le traitement. Ce droit existe dans les cas suivants : (i) lorsque l'exactitude des donn\u00e9es en question est mise en doute ; (ii) lorsque vous ne souhaitez pas que les donn\u00e9es soient supprim\u00e9es ; (iii) lorsque les donn\u00e9es ne sont plus n\u00e9cessaires \u00e0 l'objectif initial, mais que des actions en justice peuvent en d\u00e9couler ; (iv) lorsque la d\u00e9cision sur votre objection au traitement est en attente.<\/p>\n\n\n\n<p>Pour exercer ses droits, l'utilisateur peut contacter info@dbmsl.com ou par courrier \u00e9crit \u00e0 C\/ Cerdanya,4 08105 Sant Fost de Campsentelles Barcelona<\/p>","protected":false},"excerpt":{"rendered":"<p>Responsable du traitement des donn\u00e9es Le responsable du traitement des donn\u00e9es personnelles collect\u00e9es sur le site Internet de Carles Escanilla Gonzalvo est : ENTREPRISE : Carles Escanilla Gonzalvo CIF : 35108380F ADRESSE : C\/ Cerdanya,4 08105 Sant Fost de Campsentelles Barcelone T\u00c9L\u00c9PHONE : +34 620 06 73 58 EMAIL : info@dbmsl.com DOMAINE : dbmsl.com Finalit\u00e9 du traitement des donn\u00e9es La finalit\u00e9 de [...]<\/p>","protected":false},"author":2,"featured_media":0,"parent":0,"menu_order":0,"comment_status":"closed","ping_status":"open","template":"","meta":{"_et_pb_use_builder":"off","_et_pb_old_content":"<!-- wp:heading -->\n<h2>Who we are<\/h2>\n<!-- \/wp:heading -->\n\n<!-- wp:paragraph -->\n<p><strong class=\"privacy-policy-tutorial\">Suggested text: <\/strong>Our website address is: https:\/\/assisoft.com\/Alex-proves.<\/p>\n<!-- \/wp:paragraph -->\n\n<!-- wp:heading -->\n<h2>Comments<\/h2>\n<!-- \/wp:heading -->\n\n<!-- wp:paragraph -->\n<p><strong class=\"privacy-policy-tutorial\">Suggested text: <\/strong>When visitors leave comments on the site we collect the data shown in the comments form, and also the visitor\u2019s IP address and browser user agent string to help spam detection.<\/p>\n<!-- \/wp:paragraph -->\n\n<!-- wp:paragraph -->\n<p>An anonymized string created from your email address (also called a hash) may be provided to the Gravatar service to see if you are using it. The Gravatar service privacy policy is available here: https:\/\/automattic.com\/privacy\/. After approval of your comment, your profile picture is visible to the public in the context of your comment.<\/p>\n<!-- \/wp:paragraph -->\n\n<!-- wp:heading -->\n<h2>Media<\/h2>\n<!-- \/wp:heading -->\n\n<!-- wp:paragraph -->\n<p><strong class=\"privacy-policy-tutorial\">Suggested text: <\/strong>If you upload images to the website, you should avoid uploading images with embedded location data (EXIF GPS) included. Visitors to the website can download and extract any location data from images on the website.<\/p>\n<!-- \/wp:paragraph -->\n\n<!-- wp:heading -->\n<h2>Cookies<\/h2>\n<!-- \/wp:heading -->\n\n<!-- wp:paragraph -->\n<p><strong class=\"privacy-policy-tutorial\">Suggested text: <\/strong>If you leave a comment on our site you may opt-in to saving your name, email address and website in cookies. These are for your convenience so that you do not have to fill in your details again when you leave another comment. These cookies will last for one year.<\/p>\n<!-- \/wp:paragraph -->\n\n<!-- wp:paragraph -->\n<p>If you visit our login page, we will set a temporary cookie to determine if your browser accepts cookies. This cookie contains no personal data and is discarded when you close your browser.<\/p>\n<!-- \/wp:paragraph -->\n\n<!-- wp:paragraph -->\n<p>When you log in, we will also set up several cookies to save your login information and your screen display choices. Login cookies last for two days, and screen options cookies last for a year. If you select \"Remember Me\", your login will persist for two weeks. If you log out of your account, the login cookies will be removed.<\/p>\n<!-- \/wp:paragraph -->\n\n<!-- wp:paragraph -->\n<p>If you edit or publish an article, an additional cookie will be saved in your browser. This cookie includes no personal data and simply indicates the post ID of the article you just edited. It expires after 1 day.<\/p>\n<!-- \/wp:paragraph -->\n\n<!-- wp:heading -->\n<h2>Embedded content from other websites<\/h2>\n<!-- \/wp:heading -->\n\n<!-- wp:paragraph -->\n<p><strong class=\"privacy-policy-tutorial\">Suggested text: <\/strong>Articles on this site may include embedded content (e.g. videos, images, articles, etc.). Embedded content from other websites behaves in the exact same way as if the visitor has visited the other website.<\/p>\n<!-- \/wp:paragraph -->\n\n<!-- wp:paragraph -->\n<p>These websites may collect data about you, use cookies, embed additional third-party tracking, and monitor your interaction with that embedded content, including tracking your interaction with the embedded content if you have an account and are logged in to that website.<\/p>\n<!-- \/wp:paragraph -->\n\n<!-- wp:heading -->\n<h2>Who we share your data with<\/h2>\n<!-- \/wp:heading -->\n\n<!-- wp:paragraph -->\n<p><strong class=\"privacy-policy-tutorial\">Suggested text: <\/strong>If you request a password reset, your IP address will be included in the reset email.<\/p>\n<!-- \/wp:paragraph -->\n\n<!-- wp:heading -->\n<h2>How long we retain your data<\/h2>\n<!-- \/wp:heading -->\n\n<!-- wp:paragraph -->\n<p><strong class=\"privacy-policy-tutorial\">Suggested text: <\/strong>If you leave a comment, the comment and its metadata are retained indefinitely. This is so we can recognize and approve any follow-up comments automatically instead of holding them in a moderation queue.<\/p>\n<!-- \/wp:paragraph -->\n\n<!-- wp:paragraph -->\n<p>For users that register on our website (if any), we also store the personal information they provide in their user profile. All users can see, edit, or delete their personal information at any time (except they cannot change their username). Website administrators can also see and edit that information.<\/p>\n<!-- \/wp:paragraph -->\n\n<!-- wp:heading -->\n<h2>What rights you have over your data<\/h2>\n<!-- \/wp:heading -->\n\n<!-- wp:paragraph -->\n<p><strong class=\"privacy-policy-tutorial\">Suggested text: <\/strong>If you have an account on this site, or have left comments, you can request to receive an exported file of the personal data we hold about you, including any data you have provided to us. You can also request that we erase any personal data we hold about you. This does not include any data we are obliged to keep for administrative, legal, or security purposes.<\/p>\n<!-- \/wp:paragraph -->\n\n<!-- wp:heading -->\n<h2>Where we send your data<\/h2>\n<!-- \/wp:heading -->\n\n<!-- wp:paragraph -->\n<p><strong class=\"privacy-policy-tutorial\">Suggested text: <\/strong>Visitor comments may be checked through an automated spam detection service.<\/p>\n<!-- \/wp:paragraph -->","_et_gb_content_width":"1080","footnotes":""},"class_list":["post-2742","page","type-page","status-publish","hentry"],"yoast_head":"<!-- This site is optimized with the Yoast SEO plugin v27.4 - https:\/\/yoast.com\/product\/yoast-seo-wordpress\/ -->\n<title>Pol\u00edtica de privadesa - DBM<\/title>\n<meta name=\"robots\" content=\"noindex, follow\" \/>\n<meta property=\"og:locale\" content=\"fr_FR\" \/>\n<meta property=\"og:type\" content=\"article\" \/>\n<meta property=\"og:title\" content=\"Pol\u00edtica de privadesa - DBM\" \/>\n<meta property=\"og:description\" content=\"Responsable del tractament de les dades El responsable del tractament de dades personals recollides al web de Carles Escanilla Gonzalvo \u00e9s: EMPRESA: Carles Escanilla Gonzalvo CIF: 35108380F DOMICILI: C\/ Cerdanya,4 08105 Sant Fost de Campsentelles Barcelona TEL\u00c8FON: +34 620 06 73 58 EMAIL: info@dbmsl.com DOMINI: dbmsl.com Finalitat del tractament de les dades La finalitat de [&hellip;]\" \/>\n<meta property=\"og:url\" content=\"https:\/\/dbmsl.com\/fra\/politique-de-confidentialite\/\" \/>\n<meta property=\"og:site_name\" content=\"DBM\" \/>\n<meta property=\"article:modified_time\" content=\"2025-03-24T07:08:45+00:00\" \/>\n<meta name=\"twitter:card\" content=\"summary_large_image\" \/>\n<meta name=\"twitter:label1\" content=\"Dur\u00e9e de lecture estim\u00e9e\" \/>\n\t<meta name=\"twitter:data1\" content=\"5 minutes\" \/>\n<script type=\"application\/ld+json\" class=\"yoast-schema-graph\">{\"@context\":\"https:\\\/\\\/schema.org\",\"@graph\":[{\"@type\":\"WebPage\",\"@id\":\"https:\\\/\\\/dbmsl.com\\\/politica-de-privadesa\\\/\",\"url\":\"https:\\\/\\\/dbmsl.com\\\/politica-de-privadesa\\\/\",\"name\":\"Pol\u00edtica de privadesa - DBM\",\"isPartOf\":{\"@id\":\"https:\\\/\\\/dbmsl.com\\\/#website\"},\"datePublished\":\"2022-02-14T22:27:50+00:00\",\"dateModified\":\"2025-03-24T07:08:45+00:00\",\"breadcrumb\":{\"@id\":\"https:\\\/\\\/dbmsl.com\\\/politica-de-privadesa\\\/#breadcrumb\"},\"inLanguage\":\"fr-FR\",\"potentialAction\":[{\"@type\":\"ReadAction\",\"target\":[\"https:\\\/\\\/dbmsl.com\\\/politica-de-privadesa\\\/\"]}]},{\"@type\":\"BreadcrumbList\",\"@id\":\"https:\\\/\\\/dbmsl.com\\\/politica-de-privadesa\\\/#breadcrumb\",\"itemListElement\":[{\"@type\":\"ListItem\",\"position\":1,\"name\":\"Inici\",\"item\":\"https:\\\/\\\/dbmsl.com\\\/\"},{\"@type\":\"ListItem\",\"position\":2,\"name\":\"Pol\u00edtica de privadesa\"}]},{\"@type\":\"WebSite\",\"@id\":\"https:\\\/\\\/dbmsl.com\\\/#website\",\"url\":\"https:\\\/\\\/dbmsl.com\\\/\",\"name\":\"DBM\",\"description\":\"Distribu\u00efdor de productes procedents del blat de moro i arr\u00f2s\",\"publisher\":{\"@id\":\"https:\\\/\\\/dbmsl.com\\\/#organization\"},\"inLanguage\":\"fr-FR\"},{\"@type\":\"Organization\",\"@id\":\"https:\\\/\\\/dbmsl.com\\\/#organization\",\"name\":\"DBM\",\"url\":\"https:\\\/\\\/dbmsl.com\\\/\",\"logo\":{\"@type\":\"ImageObject\",\"inLanguage\":\"fr-FR\",\"@id\":\"https:\\\/\\\/dbmsl.com\\\/#\\\/schema\\\/logo\\\/image\\\/\",\"url\":\"https:\\\/\\\/dbmsl.com\\\/wp-content\\\/uploads\\\/2022\\\/10\\\/logo-dbmsl.webp\",\"contentUrl\":\"https:\\\/\\\/dbmsl.com\\\/wp-content\\\/uploads\\\/2022\\\/10\\\/logo-dbmsl.webp\",\"width\":185,\"height\":331,\"caption\":\"DBM\"},\"image\":{\"@id\":\"https:\\\/\\\/dbmsl.com\\\/#\\\/schema\\\/logo\\\/image\\\/\"}}]}<\/script>\n<!-- \/ Yoast SEO plugin. -->","yoast_head_json":{"title":"Pol\u00edtica de privadesa - DBM","robots":{"index":"noindex","follow":"follow"},"og_locale":"fr_FR","og_type":"article","og_title":"Pol\u00edtica de privadesa - DBM","og_description":"Responsable del tractament de les dades El responsable del tractament de dades personals recollides al web de Carles Escanilla Gonzalvo \u00e9s: EMPRESA: Carles Escanilla Gonzalvo CIF: 35108380F DOMICILI: C\/ Cerdanya,4 08105 Sant Fost de Campsentelles Barcelona TEL\u00c8FON: +34 620 06 73 58 EMAIL: info@dbmsl.com DOMINI: dbmsl.com Finalitat del tractament de les dades La finalitat de [&hellip;]","og_url":"https:\/\/dbmsl.com\/fra\/politique-de-confidentialite\/","og_site_name":"DBM","article_modified_time":"2025-03-24T07:08:45+00:00","twitter_card":"summary_large_image","twitter_misc":{"Dur\u00e9e de lecture estim\u00e9e":"5 minutes"},"schema":{"@context":"https:\/\/schema.org","@graph":[{"@type":"WebPage","@id":"https:\/\/dbmsl.com\/politica-de-privadesa\/","url":"https:\/\/dbmsl.com\/politica-de-privadesa\/","name":"Pol\u00edtica de privadesa - DBM","isPartOf":{"@id":"https:\/\/dbmsl.com\/#website"},"datePublished":"2022-02-14T22:27:50+00:00","dateModified":"2025-03-24T07:08:45+00:00","breadcrumb":{"@id":"https:\/\/dbmsl.com\/politica-de-privadesa\/#breadcrumb"},"inLanguage":"fr-FR","potentialAction":[{"@type":"ReadAction","target":["https:\/\/dbmsl.com\/politica-de-privadesa\/"]}]},{"@type":"BreadcrumbList","@id":"https:\/\/dbmsl.com\/politica-de-privadesa\/#breadcrumb","itemListElement":[{"@type":"ListItem","position":1,"name":"Inici","item":"https:\/\/dbmsl.com\/"},{"@type":"ListItem","position":2,"name":"Pol\u00edtica de privadesa"}]},{"@type":"WebSite","@id":"https:\/\/dbmsl.com\/#website","url":"https:\/\/dbmsl.com\/","name":"DBM","description":"Distribu\u00efdor de productes procedents del blat de moro i arr\u00f2s","publisher":{"@id":"https:\/\/dbmsl.com\/#organization"},"inLanguage":"fr-FR"},{"@type":"Organization","@id":"https:\/\/dbmsl.com\/#organization","name":"DBM","url":"https:\/\/dbmsl.com\/","logo":{"@type":"ImageObject","inLanguage":"fr-FR","@id":"https:\/\/dbmsl.com\/#\/schema\/logo\/image\/","url":"https:\/\/dbmsl.com\/wp-content\/uploads\/2022\/10\/logo-dbmsl.webp","contentUrl":"https:\/\/dbmsl.com\/wp-content\/uploads\/2022\/10\/logo-dbmsl.webp","width":185,"height":331,"caption":"DBM"},"image":{"@id":"https:\/\/dbmsl.com\/#\/schema\/logo\/image\/"}}]}},"_links":{"self":[{"href":"https:\/\/dbmsl.com\/fra\/wp-json\/wp\/v2\/pages\/2742","targetHints":{"allow":["GET"]}}],"collection":[{"href":"https:\/\/dbmsl.com\/fra\/wp-json\/wp\/v2\/pages"}],"about":[{"href":"https:\/\/dbmsl.com\/fra\/wp-json\/wp\/v2\/types\/page"}],"author":[{"embeddable":true,"href":"https:\/\/dbmsl.com\/fra\/wp-json\/wp\/v2\/users\/2"}],"replies":[{"embeddable":true,"href":"https:\/\/dbmsl.com\/fra\/wp-json\/wp\/v2\/comments?post=2742"}],"version-history":[{"count":9,"href":"https:\/\/dbmsl.com\/fra\/wp-json\/wp\/v2\/pages\/2742\/revisions"}],"predecessor-version":[{"id":5729,"href":"https:\/\/dbmsl.com\/fra\/wp-json\/wp\/v2\/pages\/2742\/revisions\/5729"}],"wp:attachment":[{"href":"https:\/\/dbmsl.com\/fra\/wp-json\/wp\/v2\/media?parent=2742"}],"curies":[{"name":"wp","href":"https:\/\/api.w.org\/{rel}","templated":true}]}}