{"id":5200,"date":"2023-09-05T11:42:41","date_gmt":"2023-09-05T11:42:41","guid":{"rendered":"https:\/\/dbmsl.com\/?page_id=5200"},"modified":"2025-02-26T17:01:54","modified_gmt":"2025-02-26T17:01:54","slug":"blog","status":"publish","type":"page","link":"https:\/\/dbmsl.com\/esp\/blog\/","title":{"rendered":"Blog"},"content":{"rendered":"<p>[et_pb_section fb_built=&#8221;1&#8243; _builder_version=&#8221;4.21.0&#8243; _module_preset=&#8221;default&#8221; background_image=&#8221;https:\/\/dbmsl.com\/wp-content\/uploads\/2022\/10\/camp-blat-moro-3-scaled.jpeg&#8221; background_position=&#8221;top_center&#8221; height=&#8221;103vh&#8221; custom_margin=&#8221;-115px||||false|false&#8221; custom_css_main_element=&#8221;display: flex;||flex-direction: column;||justify-content: center;&#8221; global_colors_info=&#8221;{}&#8221;][et_pb_row _builder_version=&#8221;4.16&#8243; _module_preset=&#8221;default&#8221; max_width=&#8221;1400px&#8221; global_colors_info=&#8221;{}&#8221;][et_pb_column type=&#8221;4_4&#8243; _builder_version=&#8221;4.16&#8243; _module_preset=&#8221;default&#8221; global_colors_info=&#8221;{}&#8221;][et_pb_text _builder_version=&#8221;4.22.1&#8243; _module_preset=&#8221;default&#8221; text_font=&#8221;Lato||||||||&#8221; text_text_color=&#8221;#FFFFFF&#8221; text_font_size=&#8221;20px&#8221; text_line_height=&#8221;2em&#8221; header_font=&#8221;Lato|300|||||||&#8221; header_text_align=&#8221;left&#8221; header_text_color=&#8221;#FFFFFF&#8221; header_font_size=&#8221;60px&#8221; header_line_height=&#8221;1.2em&#8221; header_2_font=&#8221;Lato|300|||||||&#8221; header_2_text_align=&#8221;left&#8221; header_2_text_color=&#8221;#374059&#8243; header_2_font_size=&#8221;60px&#8221; header_2_line_height=&#8221;1.2em&#8221; header_3_font=&#8221;Lato|300|||||||&#8221; header_3_text_align=&#8221;left&#8221; header_3_text_color=&#8221;#374059&#8243; header_3_font_size=&#8221;60px&#8221; header_3_line_height=&#8221;1.2em&#8221; header_4_font=&#8221;Lato|300|||||||&#8221; header_4_text_align=&#8221;left&#8221; header_4_text_color=&#8221;#374059&#8243; header_4_font_size=&#8221;60px&#8221; header_4_line_height=&#8221;1.2em&#8221; header_5_font=&#8221;Lato|300|||||||&#8221; header_5_text_align=&#8221;left&#8221; header_5_text_color=&#8221;#374059&#8243; header_5_font_size=&#8221;60px&#8221; header_5_line_height=&#8221;1.2em&#8221; header_6_font=&#8221;Lato|300|||||||&#8221; header_6_text_align=&#8221;left&#8221; header_6_text_color=&#8221;#374059&#8243; header_6_font_size=&#8221;60px&#8221; header_6_line_height=&#8221;1.2em&#8221; background_color=&#8221;rgba(2,2,2,0.28)&#8221; custom_margin=&#8221;3vw|36vw|||false|false&#8221; custom_margin_tablet=&#8221;3vw|36vw|||false|false&#8221; custom_margin_phone=&#8221;3vw|1vw|||false|false&#8221; custom_margin_last_edited=&#8221;on|phone&#8221; custom_padding=&#8221;20px|20px|20px|20px|true|true&#8221; global_colors_info=&#8221;{}&#8221;]<\/p>\n<h1>Blog<\/h1>\n<p>Articles i not\u00edcies sobre la nostra activitat i els nostres productes[\/et_pb_text][\/et_pb_column][\/et_pb_row][\/et_pb_section][et_pb_section fb_built=&#8221;1&#8243; _builder_version=&#8221;4.22.1&#8243; _module_preset=&#8221;default&#8221; global_colors_info=&#8221;{}&#8221;][et_pb_row _builder_version=&#8221;4.22.1&#8243; _module_preset=&#8221;default&#8221; max_width=&#8221;1300px&#8221; global_colors_info=&#8221;{}&#8221;][et_pb_column type=&#8221;4_4&#8243; _builder_version=&#8221;4.22.1&#8243; _module_preset=&#8221;default&#8221; global_colors_info=&#8221;{}&#8221;][et_pb_blog include_categories=&#8221;1,17,18&#8243; show_author=&#8221;off&#8221; show_date=&#8221;off&#8221; show_categories=&#8221;off&#8221; _builder_version=&#8221;4.27.4&#8243; _module_preset=&#8221;default&#8221; header_font=&#8221;Poppins||||||||&#8221; hover_enabled=&#8221;0&#8243; global_colors_info=&#8221;{}&#8221; fullwidth=&#8221;off&#8221; sticky_enabled=&#8221;0&#8243;][\/et_pb_blog][\/et_pb_column][\/et_pb_row][\/et_pb_section]<\/p>","protected":false},"excerpt":{"rendered":"<p>Blog Art\u00edculos y noticias sobre nuestra actividad y nuestros productos<\/p>","protected":false},"author":1,"featured_media":0,"parent":0,"menu_order":0,"comment_status":"closed","ping_status":"open","template":"","meta":{"_et_pb_use_builder":"on","_et_pb_old_content":"<!-- wp:divi\/placeholder \/-->","_et_gb_content_width":"","footnotes":""},"class_list":["post-5200","page","type-page","status-publish","hentry"],"yoast_head":"<!-- This site is optimized with the Yoast SEO plugin v27.4 - https:\/\/yoast.com\/product\/yoast-seo-wordpress\/ -->\n<title>Blog - DBM<\/title>\n<meta name=\"description\" content=\"Descobreix en el nostre blog. Les \u00faltimes tend\u00e8ncies i not\u00edcies sobre grans de blat de moro i arr\u00f2s en distribuci\u00f3 majorista.\" \/>\n<meta name=\"robots\" content=\"index, follow, max-snippet:-1, max-image-preview:large, max-video-preview:-1\" \/>\n<link rel=\"canonical\" href=\"https:\/\/dbmsl.com\/esp\/blog\/\" \/>\n<meta property=\"og:locale\" content=\"es_ES\" \/>\n<meta property=\"og:type\" content=\"article\" \/>\n<meta property=\"og:title\" content=\"Blog - DBM\" \/>\n<meta property=\"og:description\" content=\"Descobreix en el nostre blog. Les \u00faltimes tend\u00e8ncies i not\u00edcies sobre grans de blat de moro i arr\u00f2s en distribuci\u00f3 majorista.\" \/>\n<meta property=\"og:url\" content=\"https:\/\/dbmsl.com\/esp\/blog\/\" \/>\n<meta property=\"og:site_name\" content=\"DBM\" \/>\n<meta property=\"article:modified_time\" content=\"2025-02-26T17:01:54+00:00\" \/>\n<meta name=\"twitter:card\" content=\"summary_large_image\" \/>\n<meta name=\"twitter:label1\" content=\"Tiempo de lectura\" \/>\n\t<meta name=\"twitter:data1\" content=\"1 minuto\" \/>\n<script type=\"application\/ld+json\" class=\"yoast-schema-graph\">{\"@context\":\"https:\\\/\\\/schema.org\",\"@graph\":[{\"@type\":\"WebPage\",\"@id\":\"https:\\\/\\\/dbmsl.com\\\/blog\\\/\",\"url\":\"https:\\\/\\\/dbmsl.com\\\/blog\\\/\",\"name\":\"Blog - DBM\",\"isPartOf\":{\"@id\":\"https:\\\/\\\/dbmsl.com\\\/#website\"},\"datePublished\":\"2023-09-05T11:42:41+00:00\",\"dateModified\":\"2025-02-26T17:01:54+00:00\",\"description\":\"Descobreix en el nostre blog. Les \u00faltimes tend\u00e8ncies i not\u00edcies sobre grans de blat de moro i arr\u00f2s en distribuci\u00f3 majorista.\",\"breadcrumb\":{\"@id\":\"https:\\\/\\\/dbmsl.com\\\/blog\\\/#breadcrumb\"},\"inLanguage\":\"es\",\"potentialAction\":[{\"@type\":\"ReadAction\",\"target\":[\"https:\\\/\\\/dbmsl.com\\\/blog\\\/\"]}]},{\"@type\":\"BreadcrumbList\",\"@id\":\"https:\\\/\\\/dbmsl.com\\\/blog\\\/#breadcrumb\",\"itemListElement\":[{\"@type\":\"ListItem\",\"position\":1,\"name\":\"Inici\",\"item\":\"https:\\\/\\\/dbmsl.com\\\/\"},{\"@type\":\"ListItem\",\"position\":2,\"name\":\"Blog\"}]},{\"@type\":\"WebSite\",\"@id\":\"https:\\\/\\\/dbmsl.com\\\/#website\",\"url\":\"https:\\\/\\\/dbmsl.com\\\/\",\"name\":\"DBM\",\"description\":\"Distribu\u00efdor de productes procedents del blat de moro i arr\u00f2s\",\"publisher\":{\"@id\":\"https:\\\/\\\/dbmsl.com\\\/#organization\"},\"inLanguage\":\"es\"},{\"@type\":\"Organization\",\"@id\":\"https:\\\/\\\/dbmsl.com\\\/#organization\",\"name\":\"DBM\",\"url\":\"https:\\\/\\\/dbmsl.com\\\/\",\"logo\":{\"@type\":\"ImageObject\",\"inLanguage\":\"es\",\"@id\":\"https:\\\/\\\/dbmsl.com\\\/#\\\/schema\\\/logo\\\/image\\\/\",\"url\":\"https:\\\/\\\/dbmsl.com\\\/wp-content\\\/uploads\\\/2022\\\/10\\\/logo-dbmsl.webp\",\"contentUrl\":\"https:\\\/\\\/dbmsl.com\\\/wp-content\\\/uploads\\\/2022\\\/10\\\/logo-dbmsl.webp\",\"width\":185,\"height\":331,\"caption\":\"DBM\"},\"image\":{\"@id\":\"https:\\\/\\\/dbmsl.com\\\/#\\\/schema\\\/logo\\\/image\\\/\"}}]}<\/script>\n<!-- \/ Yoast SEO plugin. -->","yoast_head_json":{"title":"Blog - DBM","description":"Descobreix en el nostre blog. Les \u00faltimes tend\u00e8ncies i not\u00edcies sobre grans de blat de moro i arr\u00f2s en distribuci\u00f3 majorista.","robots":{"index":"index","follow":"follow","max-snippet":"max-snippet:-1","max-image-preview":"max-image-preview:large","max-video-preview":"max-video-preview:-1"},"canonical":"https:\/\/dbmsl.com\/esp\/blog\/","og_locale":"es_ES","og_type":"article","og_title":"Blog - DBM","og_description":"Descobreix en el nostre blog. Les \u00faltimes tend\u00e8ncies i not\u00edcies sobre grans de blat de moro i arr\u00f2s en distribuci\u00f3 majorista.","og_url":"https:\/\/dbmsl.com\/esp\/blog\/","og_site_name":"DBM","article_modified_time":"2025-02-26T17:01:54+00:00","twitter_card":"summary_large_image","twitter_misc":{"Tiempo de lectura":"1 minuto"},"schema":{"@context":"https:\/\/schema.org","@graph":[{"@type":"WebPage","@id":"https:\/\/dbmsl.com\/blog\/","url":"https:\/\/dbmsl.com\/blog\/","name":"Blog - DBM","isPartOf":{"@id":"https:\/\/dbmsl.com\/#website"},"datePublished":"2023-09-05T11:42:41+00:00","dateModified":"2025-02-26T17:01:54+00:00","description":"Descobreix en el nostre blog. Les \u00faltimes tend\u00e8ncies i not\u00edcies sobre grans de blat de moro i arr\u00f2s en distribuci\u00f3 majorista.","breadcrumb":{"@id":"https:\/\/dbmsl.com\/blog\/#breadcrumb"},"inLanguage":"es","potentialAction":[{"@type":"ReadAction","target":["https:\/\/dbmsl.com\/blog\/"]}]},{"@type":"BreadcrumbList","@id":"https:\/\/dbmsl.com\/blog\/#breadcrumb","itemListElement":[{"@type":"ListItem","position":1,"name":"Inici","item":"https:\/\/dbmsl.com\/"},{"@type":"ListItem","position":2,"name":"Blog"}]},{"@type":"WebSite","@id":"https:\/\/dbmsl.com\/#website","url":"https:\/\/dbmsl.com\/","name":"DBM","description":"Distribu\u00efdor de productes procedents del blat de moro i arr\u00f2s","publisher":{"@id":"https:\/\/dbmsl.com\/#organization"},"inLanguage":"es"},{"@type":"Organization","@id":"https:\/\/dbmsl.com\/#organization","name":"DBM","url":"https:\/\/dbmsl.com\/","logo":{"@type":"ImageObject","inLanguage":"es","@id":"https:\/\/dbmsl.com\/#\/schema\/logo\/image\/","url":"https:\/\/dbmsl.com\/wp-content\/uploads\/2022\/10\/logo-dbmsl.webp","contentUrl":"https:\/\/dbmsl.com\/wp-content\/uploads\/2022\/10\/logo-dbmsl.webp","width":185,"height":331,"caption":"DBM"},"image":{"@id":"https:\/\/dbmsl.com\/#\/schema\/logo\/image\/"}}]}},"_links":{"self":[{"href":"https:\/\/dbmsl.com\/esp\/wp-json\/wp\/v2\/pages\/5200","targetHints":{"allow":["GET"]}}],"collection":[{"href":"https:\/\/dbmsl.com\/esp\/wp-json\/wp\/v2\/pages"}],"about":[{"href":"https:\/\/dbmsl.com\/esp\/wp-json\/wp\/v2\/types\/page"}],"author":[{"embeddable":true,"href":"https:\/\/dbmsl.com\/esp\/wp-json\/wp\/v2\/users\/1"}],"replies":[{"embeddable":true,"href":"https:\/\/dbmsl.com\/esp\/wp-json\/wp\/v2\/comments?post=5200"}],"version-history":[{"count":12,"href":"https:\/\/dbmsl.com\/esp\/wp-json\/wp\/v2\/pages\/5200\/revisions"}],"predecessor-version":[{"id":5714,"href":"https:\/\/dbmsl.com\/esp\/wp-json\/wp\/v2\/pages\/5200\/revisions\/5714"}],"wp:attachment":[{"href":"https:\/\/dbmsl.com\/esp\/wp-json\/wp\/v2\/media?parent=5200"}],"curies":[{"name":"wp","href":"https:\/\/api.w.org\/{rel}","templated":true}]}}