{"id":2742,"date":"2022-02-14T22:27:50","date_gmt":"2022-02-14T22:27:50","guid":{"rendered":"https:\/\/assisoft.com\/Alex-proves\/?page_id=3"},"modified":"2025-03-24T07:08:45","modified_gmt":"2025-03-24T07:08:45","slug":"politica-de-privacidad","status":"publish","type":"page","link":"https:\/\/dbmsl.com\/esp\/politica-de-privacidad\/","title":{"rendered":"Pol\u00edtica de privacidad"},"content":{"rendered":"<h2 class=\"wp-block-heading\">Responsable del tratamiento de los datos<\/h2>\n\n\n\n<p>El responsable del tratamiento de datos personales recogidos en la web de Carles Escanilla Gonzalvo es:<\/p>\n\n\n\n<p>EMPRESA: Carlos Escanilla Gonzalvo<\/p>\n\n\n\n<p>CIF: 35108380F<\/p>\n\n\n\n<p>DOMICILIO: C\/ Cerdanya,4 08105 Sant Fost de Campsentelles Barcelona<\/p>\n\n\n\n<p>TEL\u00c9FONO: +34 620 06 73 58<\/p>\n\n\n\n<p>EMAIL: info@dbmsl.com<\/p>\n\n\n\n<p>DOMINIO: dbmsl.com<\/p>\n\n\n\n<h2 class=\"wp-block-heading\">Finalidad del tratamiento de los datos<\/h2>\n\n\n\n<p>La finalidad de la recogida de datos es mantener un contacto directo y personalizado con nuestros Usuarios. De esta forma, utilizaremos sus datos para atender las dudas o la informaci\u00f3n que nos haya requerido, gestionar sus solicitudes y garantizarle una experiencia que respete los m\u00e1ximos est\u00e1ndares.<\/p>\n\n\n\n<p>El e-mail desde el que nos escriba en nuestro correo, lo utilizaremos para remitirle informaci\u00f3n relacionada con las dudas o inquietudes que nos haya planteado o para realizar los tr\u00e1mites o ayudarle con los tr\u00e1mites que necesite.<\/p>\n\n\n\n<p>En ning\u00fan caso recibir\u00e1 informaci\u00f3n de terceros sin haberle informado y solicitado su consentimiento expreso previamente, velando de esta forma para cumplir con los par\u00e1metros de la normativa europea; ni se realizar\u00e1 ning\u00fan tipo de transferencia internacional que tenga por objeto sus datos de car\u00e1cter personal.<\/p>\n\n\n\n<h2 class=\"wp-block-heading\">Calidad de los datos<\/h2>\n\n\n\n<p>El documento aqu\u00ed mostrado y toda la informaci\u00f3n escrita cumple con el art\u00edculo 4.3 de la LOPD. La \u00faltima modificaci\u00f3n de este art\u00edculo se realiz\u00f3 el 02\/01\/2023.<\/p>\n\n\n\n<h2 class=\"wp-block-heading\">Plazo de conservaci\u00f3n de los datos<\/h2>\n\n\n\n<p>Los datos personales proporcionados se conservar\u00e1n hasta que no se solicite su suspensi\u00f3n por parte del interesado, ejerciendo sus derechos sobre los datos, y en cualquier caso en cumplimiento de plazos legales de prescripci\u00f3n que le sean de aplicaci\u00f3n.<\/p>\n\n\n\n<h2 class=\"wp-block-heading\">Cesiones y transferencias internacionales de datos<\/h2>\n\n\n\n<p>No se comunicar\u00e1n ni ceder\u00e1n los datos a ning\u00fan destinatario.<\/p>\n\n\n\n<h2 class=\"wp-block-heading\">Cookies<\/h2>\n\n\n\n<p>Una cookie (cookie) es un archivo que se descarga en un ordenador al acceder a determinados sitios web. Las cookies permiten a un sitio web, entre otras cosas, almacenar y recuperar informaci\u00f3n sobre los h\u00e1bitos de navegaci\u00f3n de un usuario o de su equipo y, dependiendo de la informaci\u00f3n que contengan y de la forma en que utilice su equipo, pueden permitir reconocer el usuario. Las cookies se asocian \u00fanicamente a un usuario an\u00f3nimo y su ordenador o dispositivo, y no proporcionan referencias que permitan identificar sus datos personales.<\/p>\n\n\n\n<p>El portal de dbmsl.com utiliza cookies de los siguientes tipos:<\/p>\n\n\n\n<ul class=\"wp-block-list\">\n<li>Cookies t\u00e9cnicas. Son necesarias para el uso de la web.<\/li>\n\n\n\n<li>Cookies de personalizaci\u00f3n. Permiten al usuario acceder al servicio con caracter\u00edsticas predefinidas, como el idioma, el navegador, la configuraci\u00f3n regional, etc.<\/li>\n\n\n\n<li>Cookies de an\u00e1lisis. Recogen informaci\u00f3n del uso que se hace de la web.<\/li>\n<\/ul>\n\n\n\n<p>Las cookies anal\u00edticas de terceros que Carles Escanilla Gonzalvo utiliza en su portal son las de Google Analytics: cookies anal\u00edticas que recogen informaci\u00f3n del tr\u00e1fico y el comportamiento de los usuarios en la web de forma an\u00f3nima.<\/p>\n\n\n\n<p>El uso de las cookies de terceros est\u00e1 sujeto a las pol\u00edticas de privacidad propias de estos terceros.<\/p>\n\n\n\n<p>La instalaci\u00f3n de cookies se hace siempre que el usuario d\u00e9 la autorizaci\u00f3n a su navegador. El usuario siempre puede, si lo considera conveniente, activar las opciones del navegador para rechazar la instalaci\u00f3n de cookies.<\/p>\n\n\n\n<h2 class=\"wp-block-heading\">Derechos del usuario<\/h2>\n\n\n\n<p>El usuario tiene los siguientes derechos sobre sus datos:<\/p>\n\n\n\n<p><strong>Acceso<\/strong>: Permite al usuario que pueda solicitar informaci\u00f3n al responsable de un archivo sobre si los datos est\u00e1n siendo tratados.<\/p>\n\n\n\n<p><strong>Rectificaci\u00f3n<\/strong>: Permite al usuario afectado solicitar la modificaci\u00f3n de datos que sean inexactos o incompletos.<\/p>\n\n\n\n<p><strong>Cancelaci\u00f3n<\/strong>: El usuario afectado puede solicitar la supresi\u00f3n de los datos que resulten inadecuados o excesivos, sin perjuicio del deber de bloqueo.<\/p>\n\n\n\n<p><strong>Oposici\u00f3n<\/strong>: se trata del derecho de un usuario a oponerse al tratamiento de sus datos personales.<\/p>\n\n\n\n<p><strong>Portabilidad<\/strong>: Podr\u00e1 recibir sus datos personales facilitados en un formato estructurado, de uso com\u00fan y lectura mec\u00e1nica y poder transmitir, a otro responsable, siempre que sea t\u00e9cnicamente posible.<\/p>\n\n\n\n<p><strong>Olvido<\/strong>: El usuario podr\u00e1 solicitar la supresi\u00f3n de los datos personales sin dilaci\u00f3n debida cuando se d\u00e9 alguno de los supuestos contemplados. Por ejemplo, tratamiento il\u00edcito de datos o cuando haya desaparecido la finalidad que motiv\u00f3 el tratamiento o recogida.<\/p>\n\n\n\n<p><strong>Limitaci\u00f3n en el tratamiento: <\/strong>En general, en los casos en que no quede claro si los datos personales deben borrarse, puede ejercer su derecho a limitar el tratamiento. Este derecho existe en los siguientes casos: (i) cuando la exactitud de los datos de que se trate est\u00e9 en duda; (ii) cuando no se quiere que se borren los datos; (iii) cuando los datos ya no sean necesarios para la finalidad original, pero pueden derivarse actuaciones jur\u00eddicas; (iv) cuando la decisi\u00f3n de su objeci\u00f3n al tratamiento est\u00e9 pendiente.<\/p>\n\n\n\n<p>Para ejercer sus derechos, el usuario puede ponerse en contacto con info@dbmsl.com o por correo escrito en C\/ Cerdanya,4 08105 Sant Fost de Campsentelles Barcelona<\/p>","protected":false},"excerpt":{"rendered":"<p>Responsable del tratamiento de los datos El responsable del tratamiento de datos personales recogidos en la web de Carles Escanilla Gonzalvo es: EMPRESA: Carles Escanilla Gonzalvo CIF: 35108380F DOMICILIO: C\/ Cerdanya,4 08105 Sant Fost de Campsentelles Barcelona TEL\u00c9FONO3 +34 58 EMAIL: info@dbmsl.com DOMINIO: dbmsl.com Finalidad del tratamiento de los datos La finalidad de [\u2026]<\/p>","protected":false},"author":2,"featured_media":0,"parent":0,"menu_order":0,"comment_status":"closed","ping_status":"open","template":"","meta":{"_et_pb_use_builder":"off","_et_pb_old_content":"<!-- wp:heading -->\n<h2>Who we are<\/h2>\n<!-- \/wp:heading -->\n\n<!-- wp:paragraph -->\n<p><strong class=\"privacy-policy-tutorial\">Suggested text: <\/strong>Our website address is: https:\/\/assisoft.com\/Alex-proves.<\/p>\n<!-- \/wp:paragraph -->\n\n<!-- wp:heading -->\n<h2>Comments<\/h2>\n<!-- \/wp:heading -->\n\n<!-- wp:paragraph -->\n<p><strong class=\"privacy-policy-tutorial\">Suggested text: <\/strong>When visitors leave comments on the site we collect the data shown in the comments form, and also the visitor\u2019s IP address and browser user agent string to help spam detection.<\/p>\n<!-- \/wp:paragraph -->\n\n<!-- wp:paragraph -->\n<p>An anonymized string created from your email address (also called a hash) may be provided to the Gravatar service to see if you are using it. The Gravatar service privacy policy is available here: https:\/\/automattic.com\/privacy\/. After approval of your comment, your profile picture is visible to the public in the context of your comment.<\/p>\n<!-- \/wp:paragraph -->\n\n<!-- wp:heading -->\n<h2>Media<\/h2>\n<!-- \/wp:heading -->\n\n<!-- wp:paragraph -->\n<p><strong class=\"privacy-policy-tutorial\">Suggested text: <\/strong>If you upload images to the website, you should avoid uploading images with embedded location data (EXIF GPS) included. Visitors to the website can download and extract any location data from images on the website.<\/p>\n<!-- \/wp:paragraph -->\n\n<!-- wp:heading -->\n<h2>Cookies<\/h2>\n<!-- \/wp:heading -->\n\n<!-- wp:paragraph -->\n<p><strong class=\"privacy-policy-tutorial\">Suggested text: <\/strong>If you leave a comment on our site you may opt-in to saving your name, email address and website in cookies. These are for your convenience so that you do not have to fill in your details again when you leave another comment. These cookies will last for one year.<\/p>\n<!-- \/wp:paragraph -->\n\n<!-- wp:paragraph -->\n<p>If you visit our login page, we will set a temporary cookie to determine if your browser accepts cookies. This cookie contains no personal data and is discarded when you close your browser.<\/p>\n<!-- \/wp:paragraph -->\n\n<!-- wp:paragraph -->\n<p>When you log in, we will also set up several cookies to save your login information and your screen display choices. Login cookies last for two days, and screen options cookies last for a year. If you select \"Remember Me\", your login will persist for two weeks. If you log out of your account, the login cookies will be removed.<\/p>\n<!-- \/wp:paragraph -->\n\n<!-- wp:paragraph -->\n<p>If you edit or publish an article, an additional cookie will be saved in your browser. This cookie includes no personal data and simply indicates the post ID of the article you just edited. It expires after 1 day.<\/p>\n<!-- \/wp:paragraph -->\n\n<!-- wp:heading -->\n<h2>Embedded content from other websites<\/h2>\n<!-- \/wp:heading -->\n\n<!-- wp:paragraph -->\n<p><strong class=\"privacy-policy-tutorial\">Suggested text: <\/strong>Articles on this site may include embedded content (e.g. videos, images, articles, etc.). Embedded content from other websites behaves in the exact same way as if the visitor has visited the other website.<\/p>\n<!-- \/wp:paragraph -->\n\n<!-- wp:paragraph -->\n<p>These websites may collect data about you, use cookies, embed additional third-party tracking, and monitor your interaction with that embedded content, including tracking your interaction with the embedded content if you have an account and are logged in to that website.<\/p>\n<!-- \/wp:paragraph -->\n\n<!-- wp:heading -->\n<h2>Who we share your data with<\/h2>\n<!-- \/wp:heading -->\n\n<!-- wp:paragraph -->\n<p><strong class=\"privacy-policy-tutorial\">Suggested text: <\/strong>If you request a password reset, your IP address will be included in the reset email.<\/p>\n<!-- \/wp:paragraph -->\n\n<!-- wp:heading -->\n<h2>How long we retain your data<\/h2>\n<!-- \/wp:heading -->\n\n<!-- wp:paragraph -->\n<p><strong class=\"privacy-policy-tutorial\">Suggested text: <\/strong>If you leave a comment, the comment and its metadata are retained indefinitely. This is so we can recognize and approve any follow-up comments automatically instead of holding them in a moderation queue.<\/p>\n<!-- \/wp:paragraph -->\n\n<!-- wp:paragraph -->\n<p>For users that register on our website (if any), we also store the personal information they provide in their user profile. All users can see, edit, or delete their personal information at any time (except they cannot change their username). Website administrators can also see and edit that information.<\/p>\n<!-- \/wp:paragraph -->\n\n<!-- wp:heading -->\n<h2>What rights you have over your data<\/h2>\n<!-- \/wp:heading -->\n\n<!-- wp:paragraph -->\n<p><strong class=\"privacy-policy-tutorial\">Suggested text: <\/strong>If you have an account on this site, or have left comments, you can request to receive an exported file of the personal data we hold about you, including any data you have provided to us. You can also request that we erase any personal data we hold about you. This does not include any data we are obliged to keep for administrative, legal, or security purposes.<\/p>\n<!-- \/wp:paragraph -->\n\n<!-- wp:heading -->\n<h2>Where we send your data<\/h2>\n<!-- \/wp:heading -->\n\n<!-- wp:paragraph -->\n<p><strong class=\"privacy-policy-tutorial\">Suggested text: <\/strong>Visitor comments may be checked through an automated spam detection service.<\/p>\n<!-- \/wp:paragraph -->","_et_gb_content_width":"1080","footnotes":""},"class_list":["post-2742","page","type-page","status-publish","hentry"],"yoast_head":"<!-- This site is optimized with the Yoast SEO plugin v27.4 - https:\/\/yoast.com\/product\/yoast-seo-wordpress\/ -->\n<title>Pol\u00edtica de privadesa - DBM<\/title>\n<meta name=\"robots\" content=\"noindex, follow\" \/>\n<meta property=\"og:locale\" content=\"es_ES\" \/>\n<meta property=\"og:type\" content=\"article\" \/>\n<meta property=\"og:title\" content=\"Pol\u00edtica de privadesa - DBM\" \/>\n<meta property=\"og:description\" content=\"Responsable del tractament de les dades El responsable del tractament de dades personals recollides al web de Carles Escanilla Gonzalvo \u00e9s: EMPRESA: Carles Escanilla Gonzalvo CIF: 35108380F DOMICILI: C\/ Cerdanya,4 08105 Sant Fost de Campsentelles Barcelona TEL\u00c8FON: +34 620 06 73 58 EMAIL: info@dbmsl.com DOMINI: dbmsl.com Finalitat del tractament de les dades La finalitat de [&hellip;]\" \/>\n<meta property=\"og:url\" content=\"https:\/\/dbmsl.com\/esp\/politica-de-privacidad\/\" \/>\n<meta property=\"og:site_name\" content=\"DBM\" \/>\n<meta property=\"article:modified_time\" content=\"2025-03-24T07:08:45+00:00\" \/>\n<meta name=\"twitter:card\" content=\"summary_large_image\" \/>\n<meta name=\"twitter:label1\" content=\"Tiempo de lectura\" \/>\n\t<meta name=\"twitter:data1\" content=\"5 minutos\" \/>\n<script type=\"application\/ld+json\" class=\"yoast-schema-graph\">{\"@context\":\"https:\\\/\\\/schema.org\",\"@graph\":[{\"@type\":\"WebPage\",\"@id\":\"https:\\\/\\\/dbmsl.com\\\/politica-de-privadesa\\\/\",\"url\":\"https:\\\/\\\/dbmsl.com\\\/politica-de-privadesa\\\/\",\"name\":\"Pol\u00edtica de privadesa - DBM\",\"isPartOf\":{\"@id\":\"https:\\\/\\\/dbmsl.com\\\/#website\"},\"datePublished\":\"2022-02-14T22:27:50+00:00\",\"dateModified\":\"2025-03-24T07:08:45+00:00\",\"breadcrumb\":{\"@id\":\"https:\\\/\\\/dbmsl.com\\\/politica-de-privadesa\\\/#breadcrumb\"},\"inLanguage\":\"es\",\"potentialAction\":[{\"@type\":\"ReadAction\",\"target\":[\"https:\\\/\\\/dbmsl.com\\\/politica-de-privadesa\\\/\"]}]},{\"@type\":\"BreadcrumbList\",\"@id\":\"https:\\\/\\\/dbmsl.com\\\/politica-de-privadesa\\\/#breadcrumb\",\"itemListElement\":[{\"@type\":\"ListItem\",\"position\":1,\"name\":\"Inici\",\"item\":\"https:\\\/\\\/dbmsl.com\\\/\"},{\"@type\":\"ListItem\",\"position\":2,\"name\":\"Pol\u00edtica de privadesa\"}]},{\"@type\":\"WebSite\",\"@id\":\"https:\\\/\\\/dbmsl.com\\\/#website\",\"url\":\"https:\\\/\\\/dbmsl.com\\\/\",\"name\":\"DBM\",\"description\":\"Distribu\u00efdor de productes procedents del blat de moro i arr\u00f2s\",\"publisher\":{\"@id\":\"https:\\\/\\\/dbmsl.com\\\/#organization\"},\"inLanguage\":\"es\"},{\"@type\":\"Organization\",\"@id\":\"https:\\\/\\\/dbmsl.com\\\/#organization\",\"name\":\"DBM\",\"url\":\"https:\\\/\\\/dbmsl.com\\\/\",\"logo\":{\"@type\":\"ImageObject\",\"inLanguage\":\"es\",\"@id\":\"https:\\\/\\\/dbmsl.com\\\/#\\\/schema\\\/logo\\\/image\\\/\",\"url\":\"https:\\\/\\\/dbmsl.com\\\/wp-content\\\/uploads\\\/2022\\\/10\\\/logo-dbmsl.webp\",\"contentUrl\":\"https:\\\/\\\/dbmsl.com\\\/wp-content\\\/uploads\\\/2022\\\/10\\\/logo-dbmsl.webp\",\"width\":185,\"height\":331,\"caption\":\"DBM\"},\"image\":{\"@id\":\"https:\\\/\\\/dbmsl.com\\\/#\\\/schema\\\/logo\\\/image\\\/\"}}]}<\/script>\n<!-- \/ Yoast SEO plugin. -->","yoast_head_json":{"title":"Pol\u00edtica de privadesa - DBM","robots":{"index":"noindex","follow":"follow"},"og_locale":"es_ES","og_type":"article","og_title":"Pol\u00edtica de privadesa - DBM","og_description":"Responsable del tractament de les dades El responsable del tractament de dades personals recollides al web de Carles Escanilla Gonzalvo \u00e9s: EMPRESA: Carles Escanilla Gonzalvo CIF: 35108380F DOMICILI: C\/ Cerdanya,4 08105 Sant Fost de Campsentelles Barcelona TEL\u00c8FON: +34 620 06 73 58 EMAIL: info@dbmsl.com DOMINI: dbmsl.com Finalitat del tractament de les dades La finalitat de [&hellip;]","og_url":"https:\/\/dbmsl.com\/esp\/politica-de-privacidad\/","og_site_name":"DBM","article_modified_time":"2025-03-24T07:08:45+00:00","twitter_card":"summary_large_image","twitter_misc":{"Tiempo de lectura":"5 minutos"},"schema":{"@context":"https:\/\/schema.org","@graph":[{"@type":"WebPage","@id":"https:\/\/dbmsl.com\/politica-de-privadesa\/","url":"https:\/\/dbmsl.com\/politica-de-privadesa\/","name":"Pol\u00edtica de privadesa - DBM","isPartOf":{"@id":"https:\/\/dbmsl.com\/#website"},"datePublished":"2022-02-14T22:27:50+00:00","dateModified":"2025-03-24T07:08:45+00:00","breadcrumb":{"@id":"https:\/\/dbmsl.com\/politica-de-privadesa\/#breadcrumb"},"inLanguage":"es","potentialAction":[{"@type":"ReadAction","target":["https:\/\/dbmsl.com\/politica-de-privadesa\/"]}]},{"@type":"BreadcrumbList","@id":"https:\/\/dbmsl.com\/politica-de-privadesa\/#breadcrumb","itemListElement":[{"@type":"ListItem","position":1,"name":"Inici","item":"https:\/\/dbmsl.com\/"},{"@type":"ListItem","position":2,"name":"Pol\u00edtica de privadesa"}]},{"@type":"WebSite","@id":"https:\/\/dbmsl.com\/#website","url":"https:\/\/dbmsl.com\/","name":"DBM","description":"Distribu\u00efdor de productes procedents del blat de moro i arr\u00f2s","publisher":{"@id":"https:\/\/dbmsl.com\/#organization"},"inLanguage":"es"},{"@type":"Organization","@id":"https:\/\/dbmsl.com\/#organization","name":"DBM","url":"https:\/\/dbmsl.com\/","logo":{"@type":"ImageObject","inLanguage":"es","@id":"https:\/\/dbmsl.com\/#\/schema\/logo\/image\/","url":"https:\/\/dbmsl.com\/wp-content\/uploads\/2022\/10\/logo-dbmsl.webp","contentUrl":"https:\/\/dbmsl.com\/wp-content\/uploads\/2022\/10\/logo-dbmsl.webp","width":185,"height":331,"caption":"DBM"},"image":{"@id":"https:\/\/dbmsl.com\/#\/schema\/logo\/image\/"}}]}},"_links":{"self":[{"href":"https:\/\/dbmsl.com\/esp\/wp-json\/wp\/v2\/pages\/2742","targetHints":{"allow":["GET"]}}],"collection":[{"href":"https:\/\/dbmsl.com\/esp\/wp-json\/wp\/v2\/pages"}],"about":[{"href":"https:\/\/dbmsl.com\/esp\/wp-json\/wp\/v2\/types\/page"}],"author":[{"embeddable":true,"href":"https:\/\/dbmsl.com\/esp\/wp-json\/wp\/v2\/users\/2"}],"replies":[{"embeddable":true,"href":"https:\/\/dbmsl.com\/esp\/wp-json\/wp\/v2\/comments?post=2742"}],"version-history":[{"count":9,"href":"https:\/\/dbmsl.com\/esp\/wp-json\/wp\/v2\/pages\/2742\/revisions"}],"predecessor-version":[{"id":5729,"href":"https:\/\/dbmsl.com\/esp\/wp-json\/wp\/v2\/pages\/2742\/revisions\/5729"}],"wp:attachment":[{"href":"https:\/\/dbmsl.com\/esp\/wp-json\/wp\/v2\/media?parent=2742"}],"curies":[{"name":"wp","href":"https:\/\/api.w.org\/{rel}","templated":true}]}}